{"id":45,"date":"2025-12-29T19:37:24","date_gmt":"2025-12-29T19:37:24","guid":{"rendered":"http:\/\/numovia.fr\/site_2026\/?page_id=45"},"modified":"2026-02-05T12:09:44","modified_gmt":"2026-02-05T12:09:44","slug":"lentreprise","status":"publish","type":"page","link":"https:\/\/numovia.fr\/index.php\/lentreprise\/","title":{"rendered":"L&rsquo;entreprise"},"content":{"rendered":"\t\t<div data-elementor-type=\"wp-page\" data-elementor-id=\"45\" class=\"elementor elementor-45\">\n\t\t\t\t<div class=\"elementor-element elementor-element-3c2afd3 e-flex e-con-boxed e-con e-parent\" data-id=\"3c2afd3\" data-element_type=\"container\" data-e-type=\"container\">\n\t\t\t\t\t<div class=\"e-con-inner\">\n\t\t\t\t<div class=\"elementor-element elementor-element-b4a3ef1 elementor-widget elementor-widget-heading\" data-id=\"b4a3ef1\" data-element_type=\"widget\" data-e-type=\"widget\" data-widget_type=\"heading.default\">\n\t\t\t\t\t<h1 class=\"elementor-heading-title elementor-size-default\">L\u2019entreprise<\/h1>\t\t\t\t<\/div>\n\t\t\t\t<div class=\"elementor-element elementor-element-d45bc32 elementor-widget elementor-widget-text-editor\" data-id=\"d45bc32\" data-element_type=\"widget\" data-e-type=\"widget\" data-widget_type=\"text-editor.default\">\n\t\t\t\t\t\t\t\t\t<p data-start=\"1092\" data-end=\"1283\">Numovia Consulting est une structure de conseil, de formation et d\u2019accompagnement d\u00e9di\u00e9e aux organisations engag\u00e9es dans des projets de structuration, de transformation et de d\u00e9veloppement.<\/p><p data-start=\"1290\" data-end=\"1546\">L\u2019entreprise intervient aupr\u00e8s d\u2019entreprises, d\u2019associations, d\u2019institutions et d\u2019organismes de formation , en apportant une expertise transversale combinant strat\u00e9gie, ing\u00e9nierie de formation, transformation num\u00e9rique et accompagnement des organisations.<\/p><p data-start=\"1553\" data-end=\"1755\">Les interventions s\u2019inscrivent dans une approche pragmatique, ancr\u00e9e dans les r\u00e9alit\u00e9s de terrain, et visent \u00e0 s\u00e9curiser les projets, renforcer les comp\u00e9tences et favoriser des transformations durables.<\/p>\t\t\t\t\t\t\t\t<\/div>\n\t\t\t\t<div class=\"elementor-element elementor-element-9a62c2d elementor-widget elementor-widget-text-editor\" data-id=\"9a62c2d\" data-element_type=\"widget\" data-e-type=\"widget\" data-widget_type=\"text-editor.default\">\n\t\t\t\t\t\t\t\t\t<p><em>Numovia Consulting n\u2019est pas un prestataire de solutions cl\u00e9s en main, mais un partenaire d\u2019accompagnement, mobilis\u00e9 aux c\u00f4t\u00e9s des \u00e9quipes pour co-construire des r\u00e9ponses adapt\u00e9es aux contextes, aux enjeux et aux publics.<\/em><\/p>\t\t\t\t\t\t\t\t<\/div>\n\t\t\t\t\t<\/div>\n\t\t\t\t<\/div>\n\t\t<div class=\"elementor-element elementor-element-d3f312a e-flex e-con-boxed e-con e-parent\" data-id=\"d3f312a\" data-element_type=\"container\" data-e-type=\"container\">\n\t\t\t\t\t<div class=\"e-con-inner\">\n\t\t\t\t<div class=\"elementor-element elementor-element-d305903 elementor-widget elementor-widget-heading\" data-id=\"d305903\" data-element_type=\"widget\" data-e-type=\"widget\" data-widget_type=\"heading.default\">\n\t\t\t\t\t<h2 class=\"elementor-heading-title elementor-size-default\">Notre vision et notre engagement<\/h2>\t\t\t\t<\/div>\n\t\t\t\t<div class=\"elementor-element elementor-element-438725e elementor-widget elementor-widget-heading\" data-id=\"438725e\" data-element_type=\"widget\" data-e-type=\"widget\" data-widget_type=\"heading.default\">\n\t\t\t\t\t<h3 class=\"elementor-heading-title elementor-size-default\">Une approche artisanale de l\u2019accompagnement<\/h3>\t\t\t\t<\/div>\n\t\t\t\t<div class=\"elementor-element elementor-element-48c8a5f elementor-widget elementor-widget-text-editor\" data-id=\"48c8a5f\" data-element_type=\"widget\" data-e-type=\"widget\" data-widget_type=\"text-editor.default\">\n\t\t\t\t\t\t\t\t\t<p data-start=\"1071\" data-end=\"1168\">Numovia Consulting ne se positionne pas comme un cabinet de conseil au sens classique du terme.<\/p><p data-start=\"1175\" data-end=\"1549\">L\u2019entreprise revendique une approche plus artisanale de l\u2019accompagnement, fond\u00e9e sur la conviction que chaque organisation est singuli\u00e8re, avec ses propres r\u00e9alit\u00e9s, contraintes, ressources et dynamiques humaines. \u00c0 l\u2019image de chaque individu, aucune organisation ne fonctionne de mani\u00e8re identique, et un m\u00eame accompagnement ne peut produire les m\u00eames effets partout.<\/p><p data-start=\"1556\" data-end=\"1933\">L\u2019ambition de Numovia Consulting est de permettre aux organisations d\u2019\u00e9voluer en autonomie \u00e0 l\u2019issue des accompagnements propos\u00e9s, qu\u2019il s\u2019agisse de conseil, de formation ou de structuration de projets. Les solutions standardis\u00e9es, les formations \u00ab toutes faites \u00bb ou les r\u00e9ponses g\u00e9n\u00e9riques ne correspondent ni \u00e0 cette vision, ni aux exigences des contextes accompagn\u00e9s.<\/p><p data-start=\"1940\" data-end=\"2236\">Si l\u2019objectif est de rendre les situations complexes plus lisibles et accessibles pour les organisations accompagn\u00e9es, Numovia Consulting assume en parall\u00e8le une exigence forte : refuser la simplification excessive lorsque celle-ci ne permet pas de r\u00e9pondre durablement aux enjeux rencontr\u00e9s.<\/p>\t\t\t\t\t\t\t\t<\/div>\n\t\t\t\t<div class=\"elementor-element elementor-element-b7dfb25 elementor-widget elementor-widget-heading\" data-id=\"b7dfb25\" data-element_type=\"widget\" data-e-type=\"widget\" data-widget_type=\"heading.default\">\n\t\t\t\t\t<h3 class=\"elementor-heading-title elementor-size-default\">Une exigence assum\u00e9e au service de la valeur et de l\u2019impact sur la dur\u00e9e<\/h3>\t\t\t\t<\/div>\n\t\t\t\t<div class=\"elementor-element elementor-element-982fc68 elementor-widget elementor-widget-text-editor\" data-id=\"982fc68\" data-element_type=\"widget\" data-e-type=\"widget\" data-widget_type=\"text-editor.default\">\n\t\t\t\t\t\t\t\t\t<p data-start=\"2295\" data-end=\"2450\">Cette exigence dans l\u2019accompagnement implique un niveau d\u2019investissement important, tant pour Numovia Consulting que pour les organisations accompagn\u00e9es.<\/p><p data-start=\"2457\" data-end=\"2782\">Les accompagnements reposent sur un travail approfondi d\u2019analyse, de conception et d\u2019adaptation, qui ne peut s\u2019inscrire dans des logiques standardis\u00e9es ou \u00e0 faible engagement. Ce positionnement assum\u00e9 privil\u00e9gie la qualit\u00e9, la pertinence et l\u2019impact des actions men\u00e9es, plut\u00f4t que la multiplication de prestations g\u00e9n\u00e9riques.<\/p>\t\t\t\t\t\t\t\t<\/div>\n\t\t\t\t<div class=\"elementor-element elementor-element-301f9ed elementor-widget elementor-widget-heading\" data-id=\"301f9ed\" data-element_type=\"widget\" data-e-type=\"widget\" data-widget_type=\"heading.default\">\n\t\t\t\t\t<h3 class=\"elementor-heading-title elementor-size-default\">Un engagement humain et social fort<\/h3>\t\t\t\t<\/div>\n\t\t\t\t<div class=\"elementor-element elementor-element-273a0b2 elementor-widget elementor-widget-text-editor\" data-id=\"273a0b2\" data-element_type=\"widget\" data-e-type=\"widget\" data-widget_type=\"text-editor.default\">\n\t\t\t\t\t\t\t\t\t<p data-start=\"2962\" data-end=\"3053\">Numovia Consulting s\u2019inscrit \u00e9galement dans une d\u00e9marche profond\u00e9ment humaine et sociale.<\/p><p data-start=\"3060\" data-end=\"3241\">L\u2019entreprise est engag\u00e9e en faveur de l\u2019acc\u00e8s \u00e0 la formation, du d\u00e9veloppement du go\u00fbt de l\u2019expertise et de la valorisation du travail bien fait pour tous les publics.<\/p><p data-start=\"3248\" data-end=\"3581\">Numovia Consulting travaille \u00e9troitement avec des associations qui accompagnent des personnes en situation de fragilit\u00e9 ou de pr\u00e9carit\u00e9 vers l\u2019insertion sociale et professionnelle, en France comme \u00e0 l\u2019international, en contribuant \u00e0 des projets favorisant la mont\u00e9e en comp\u00e9tences, l\u2019autonomie et l\u2019\u00e9mancipation par la formation.<\/p>\t\t\t\t\t\t\t\t<\/div>\n\t\t\t\t<div class=\"elementor-element elementor-element-8a92f14 elementor-widget elementor-widget-heading\" data-id=\"8a92f14\" data-element_type=\"widget\" data-e-type=\"widget\" data-widget_type=\"heading.default\">\n\t\t\t\t\t<h3 class=\"elementor-heading-title elementor-size-default\">Une responsabilit\u00e9 sociale et environnementale assum\u00e9e<\/h3>\t\t\t\t<\/div>\n\t\t\t\t<div class=\"elementor-element elementor-element-a7672a4 elementor-widget elementor-widget-text-editor\" data-id=\"a7672a4\" data-element_type=\"widget\" data-e-type=\"widget\" data-widget_type=\"text-editor.default\">\n\t\t\t\t\t\t\t\t\t<p data-start=\"3636\" data-end=\"3748\">Cette vision s\u2019inscrit dans une d\u00e9marche de responsabilit\u00e9 sociale et environnementale pleinement assum\u00e9e.<\/p><p data-start=\"3755\" data-end=\"3952\">Numovia Consulting d\u00e9fend le d\u00e9veloppement d\u2019un num\u00e9rique plus sain, plus raisonn\u00e9 et plus inclusif, au service des individus et des organisations, et non source de d\u00e9pendance ou d\u2019exclusion.<\/p><p data-start=\"3959\" data-end=\"4182\">L\u2019entreprise veille \u00e9galement \u00e0 int\u00e9grer les enjeux environnementaux dans ses pratiques et ses accompagnements, en privil\u00e9giant des approches sobres, responsables et respectueuses des \u00e9quilibres humains et environnementaux.<\/p>\t\t\t\t\t\t\t\t<\/div>\n\t\t\t\t\t<\/div>\n\t\t\t\t<\/div>\n\t\t<div class=\"elementor-element elementor-element-8ebb0ef e-flex e-con-boxed e-con e-parent\" data-id=\"8ebb0ef\" data-element_type=\"container\" data-e-type=\"container\" data-settings=\"{&quot;background_background&quot;:&quot;classic&quot;}\">\n\t\t\t\t\t<div class=\"e-con-inner\">\n\t\t\t\t<div class=\"elementor-element elementor-element-5cc5ac1 elementor-widget elementor-widget-heading\" data-id=\"5cc5ac1\" data-element_type=\"widget\" data-e-type=\"widget\" data-widget_type=\"heading.default\">\n\t\t\t\t\t<h2 class=\"elementor-heading-title elementor-size-default\">Donner un cadre \u00e0 l\u2019\u00e9volution de votre organisation<\/h2>\t\t\t\t<\/div>\n\t\t\t\t<div class=\"elementor-element elementor-element-550781d elementor-widget__width-initial elementor-widget elementor-widget-text-editor\" data-id=\"550781d\" data-element_type=\"widget\" data-e-type=\"widget\" data-widget_type=\"text-editor.default\">\n\t\t\t\t\t\t\t\t\t<p data-start=\"850\" data-end=\"1039\">Numovia Consulting accompagne les organisations qui souhaitent structurer leur d\u00e9veloppement, clarifier leur trajectoire et inscrire leurs actions dans une dynamique coh\u00e9rente et durable.<\/p><p data-start=\"1046\" data-end=\"1200\">Un premier \u00e9change permet d\u2019identifier les enjeux structurants et d\u2019envisager un accompagnement adapt\u00e9 au contexte et aux ambitions de votre organisation.<\/p>\t\t\t\t\t\t\t\t<\/div>\n\t\t\t\t<div class=\"elementor-element elementor-element-a243507 elementor-align-left elementor-widget elementor-widget-button\" data-id=\"a243507\" data-element_type=\"widget\" data-e-type=\"widget\" data-widget_type=\"button.default\">\n\t\t\t\t\t\t\t\t\t\t<a class=\"elementor-button elementor-button-link elementor-size-sm\" href=\"https:\/\/numovia.fr\/index.php\/contact\/\" target=\"_blank\">\n\t\t\t\t\t\t<span class=\"elementor-button-content-wrapper\">\n\t\t\t\t\t\t<span class=\"elementor-button-icon\">\n\t\t\t\t<svg aria-hidden=\"true\" class=\"e-font-icon-svg e-far-arrow-alt-circle-right\" viewBox=\"0 0 512 512\" xmlns=\"http:\/\/www.w3.org\/2000\/svg\"><path d=\"M504 256C504 119 393 8 256 8S8 119 8 256s111 248 248 248 248-111 248-248zm-448 0c0-110.5 89.5-200 200-200s200 89.5 200 200-89.5 200-200 200S56 366.5 56 256zm72 20v-40c0-6.6 5.4-12 12-12h116v-67c0-10.7 12.9-16 20.5-8.5l99 99c4.7 4.7 4.7 12.3 0 17l-99 99c-7.6 7.6-20.5 2.2-20.5-8.5v-67H140c-6.6 0-12-5.4-12-12z\"><\/path><\/svg>\t\t\t<\/span>\n\t\t\t\t\t\t\t\t\t<span class=\"elementor-button-text\">\u00catre accompagn\u00e9<\/span>\n\t\t\t\t\t<\/span>\n\t\t\t\t\t<\/a>\n\t\t\t\t\t\t\t\t<\/div>\n\t\t\t\t\t<\/div>\n\t\t\t\t<\/div>\n\t\t\t\t<\/div>\n\t\t","protected":false},"excerpt":{"rendered":"<p>L\u2019entreprise Numovia Consulting est une structure de conseil, de formation et d\u2019accompagnement d\u00e9di\u00e9e aux organisations engag\u00e9es dans des projets de [&hellip;]<\/p>\n","protected":false},"author":1,"featured_media":0,"parent":0,"menu_order":0,"comment_status":"closed","ping_status":"closed","template":"","meta":{"site-sidebar-layout":"no-sidebar","site-content-layout":"","ast-site-content-layout":"full-width-container","site-content-style":"default","site-sidebar-style":"default","ast-global-header-display":"","ast-banner-title-visibility":"","ast-main-header-display":"","ast-hfb-above-header-display":"","ast-hfb-below-header-display":"","ast-hfb-mobile-header-display":"","site-post-title":"disabled","ast-breadcrumbs-content":"","ast-featured-img":"disabled","footer-sml-layout":"","ast-disable-related-posts":"","theme-transparent-header-meta":"","adv-header-id-meta":"","stick-header-meta":"","header-above-stick-meta":"","header-main-stick-meta":"","header-below-stick-meta":"","astra-migrate-meta-layouts":"default","ast-page-background-enabled":"default","ast-page-background-meta":{"desktop":{"background-color":"var(--ast-global-color-5)","background-image":"","background-repeat":"repeat","background-position":"center center","background-size":"auto","background-attachment":"scroll","background-type":"","background-media":"","overlay-type":"","overlay-color":"","overlay-opacity":"","overlay-gradient":""},"tablet":{"background-color":"","background-image":"","background-repeat":"repeat","background-position":"center center","background-size":"auto","background-attachment":"scroll","background-type":"","background-media":"","overlay-type":"","overlay-color":"","overlay-opacity":"","overlay-gradient":""},"mobile":{"background-color":"","background-image":"","background-repeat":"repeat","background-position":"center center","background-size":"auto","background-attachment":"scroll","background-type":"","background-media":"","overlay-type":"","overlay-color":"","overlay-opacity":"","overlay-gradient":""}},"ast-content-background-meta":{"desktop":{"background-color":"var(--ast-global-color-4)","background-image":"","background-repeat":"repeat","background-position":"center center","background-size":"auto","background-attachment":"scroll","background-type":"","background-media":"","overlay-type":"","overlay-color":"","overlay-opacity":"","overlay-gradient":""},"tablet":{"background-color":"var(--ast-global-color-4)","background-image":"","background-repeat":"repeat","background-position":"center center","background-size":"auto","background-attachment":"scroll","background-type":"","background-media":"","overlay-type":"","overlay-color":"","overlay-opacity":"","overlay-gradient":""},"mobile":{"background-color":"var(--ast-global-color-4)","background-image":"","background-repeat":"repeat","background-position":"center center","background-size":"auto","background-attachment":"scroll","background-type":"","background-media":"","overlay-type":"","overlay-color":"","overlay-opacity":"","overlay-gradient":""}},"footnotes":""},"class_list":["post-45","page","type-page","status-publish","hentry"],"_links":{"self":[{"href":"https:\/\/numovia.fr\/index.php\/wp-json\/wp\/v2\/pages\/45","targetHints":{"allow":["GET"]}}],"collection":[{"href":"https:\/\/numovia.fr\/index.php\/wp-json\/wp\/v2\/pages"}],"about":[{"href":"https:\/\/numovia.fr\/index.php\/wp-json\/wp\/v2\/types\/page"}],"author":[{"embeddable":true,"href":"https:\/\/numovia.fr\/index.php\/wp-json\/wp\/v2\/users\/1"}],"replies":[{"embeddable":true,"href":"https:\/\/numovia.fr\/index.php\/wp-json\/wp\/v2\/comments?post=45"}],"version-history":[{"count":23,"href":"https:\/\/numovia.fr\/index.php\/wp-json\/wp\/v2\/pages\/45\/revisions"}],"predecessor-version":[{"id":368,"href":"https:\/\/numovia.fr\/index.php\/wp-json\/wp\/v2\/pages\/45\/revisions\/368"}],"wp:attachment":[{"href":"https:\/\/numovia.fr\/index.php\/wp-json\/wp\/v2\/media?parent=45"}],"curies":[{"name":"wp","href":"https:\/\/api.w.org\/{rel}","templated":true}]}}